{"id":2,"date":"2021-04-12T01:38:20","date_gmt":"2021-04-12T01:38:20","guid":{"rendered":"https:\/\/www.fun-lighting.com\/es\/?page_id=2"},"modified":"2026-01-08T11:00:10","modified_gmt":"2026-01-08T03:00:10","slug":"sobre-nosotras","status":"publish","type":"page","link":"https:\/\/www.fun-lighting.com\/es\/sobre-nosotras\/","title":{"rendered":"Sobre nosotras"},"content":{"rendered":"<p>Ubicada en la ciudad de Zhongshan, Fun Amusement Lighting Co., Ltd. es un fabricante l\u00edder de iluminaci\u00f3n para parques de atracciones en China. Nos especializamos en la investigaci\u00f3n, desarrollo, ingenier\u00eda y comercializaci\u00f3n de soluciones de iluminaci\u00f3n para atracciones infantiles, carruseles, norias, juegos mec\u00e1nicos y otras decoraciones para parques de atracciones.<\/p>\n<p>Nuestra gama de productos incluye luces cabuj\u00f3n (cubierta de pl\u00e1stico), l\u00e1mparas LED para parques de atracciones, bombillas LED, tiras de luz LED, reflectores LED, iluminaci\u00f3n para norias y luces LED de p\u00edxeles. Contamos con un completo sistema de inspecci\u00f3n de calidad, con personal de control de calidad que supervisa todo el proceso de producci\u00f3n para garantizar que nuestros productos cumplan con sus requisitos. Todos nuestros productos cumplen con las normas CE y RoHS.<\/p>\n<p>Gracias a nuestra alta calidad y precios competitivos, nuestros productos se exportan a todo el mundo, especialmente a Italia, EE. UU., Alemania, Francia y Arabia Saudita.<\/p>\n<p>Le invitamos a solicitar nuestros productos est\u00e1ndar o a enviarnos solicitudes OEM. Confiamos en nuestra capacidad para satisfacer sus necesidades y brindarle una experiencia agradable al hacer negocios con nosotros.<\/p>\n","protected":false},"excerpt":{"rendered":"<p>Ubicada en la ciudad de Zhongshan, Fun Amusement Lighti [&hellip;]<\/p>\n","protected":false},"author":1,"featured_media":12,"parent":0,"menu_order":0,"comment_status":"closed","ping_status":"open","template":"page-about.php","meta":[],"yoast_head":"<!-- This site is optimized with the Yoast SEO plugin v16.1.1 - https:\/\/yoast.com\/wordpress\/plugins\/seo\/ -->\n<meta name=\"description\" content=\"Ubicada en la ciudad de Zhongshan, Fun Amusement Lighting Co., Ltd. es un fabricante l\u00edder de iluminaci\u00f3n para parques de atracciones en China. Nos especializamos en la investigaci\u00f3n, desarrollo, ingenier\u00eda y comercializaci\u00f3n de soluciones de iluminaci\u00f3n para atracciones infantiles, carruseles, norias, juegos mec\u00e1nicos y otras decoraciones para parques de atracciones.\" \/>\n<link rel=\"canonical\" href=\"https:\/\/www.fun-lighting.com\/es\/sobre-nosotras\/\" \/>\n<meta property=\"og:locale\" content=\"zh_CN\" \/>\n<meta property=\"og:type\" content=\"article\" \/>\n<meta property=\"og:title\" content=\"Luces de carnaval, luces LED para ferias, l\u00e1mparas para atracciones\" \/>\n<meta property=\"og:description\" content=\"Ubicada en la ciudad de Zhongshan, Fun Amusement Lighting Co., Ltd. es un fabricante l\u00edder de iluminaci\u00f3n para parques de atracciones en China. Nos especializamos en la investigaci\u00f3n, desarrollo, ingenier\u00eda y comercializaci\u00f3n de soluciones de iluminaci\u00f3n para atracciones infantiles, carruseles, norias, juegos mec\u00e1nicos y otras decoraciones para parques de atracciones.\" \/>\n<meta property=\"og:url\" content=\"https:\/\/www.fun-lighting.com\/es\/sobre-nosotras\/\" \/>\n<meta property=\"og:site_name\" content=\"Luces de carnaval, Pilotos LED para ferias, l\u00e1mparas para atracciones - fun amusement lighting\" \/>\n<meta property=\"article:publisher\" content=\"https:\/\/www.facebook.com\/FunAmusementLighting\" \/>\n<meta property=\"article:modified_time\" content=\"2026-01-08T03:00:10+00:00\" \/>\n<meta property=\"og:image\" content=\"https:\/\/www.fun-lighting.com\/es\/wp-content\/uploads\/2021\/04\/abpic.jpg\" \/>\n\t<meta property=\"og:image:width\" content=\"500\" \/>\n\t<meta property=\"og:image:height\" content=\"333\" \/>\n<meta name=\"twitter:card\" content=\"summary_large_image\" \/>\n<meta name=\"twitter:site\" content=\"@AmusementLEDS\" \/>\n<meta name=\"twitter:label1\" content=\"\u9884\u8ba1\u9605\u8bfb\u65f6\u95f4\">\n\t<meta name=\"twitter:data1\" content=\"1\u5206\">\n<script type=\"application\/ld+json\" class=\"yoast-schema-graph\">{\"@context\":\"https:\/\/schema.org\",\"@graph\":[{\"@type\":\"WebSite\",\"@id\":\"https:\/\/www.fun-lighting.com\/es\/#website\",\"url\":\"https:\/\/www.fun-lighting.com\/es\/\",\"name\":\"Luces de carnaval, Pilotos LED para ferias, l\\u00e1mparas para atracciones - fun amusement lighting\",\"description\":\"Fun Amusement Lighting Co., Ltd. se especializa en la investigaci\\u00f3n, desarrollo, ingenier\\u00eda y comercializaci\\u00f3n de iluminaci\\u00f3n de entretenimiento para atracciones infantiles, carruseles, ruedas de la fortuna, juegos mec\\u00e1nicos y otras decoraciones de parques de diversiones.\",\"potentialAction\":[{\"@type\":\"SearchAction\",\"target\":\"https:\/\/www.fun-lighting.com\/es\/?s={search_term_string}\",\"query-input\":\"required name=search_term_string\"}],\"inLanguage\":\"zh-CN\"},{\"@type\":\"ImageObject\",\"@id\":\"https:\/\/www.fun-lighting.com\/es\/sobre-nosotras\/#primaryimage\",\"inLanguage\":\"zh-CN\",\"url\":\"https:\/\/www.fun-lighting.com\/es\/wp-content\/uploads\/2021\/04\/abpic.jpg\",\"contentUrl\":\"https:\/\/www.fun-lighting.com\/es\/wp-content\/uploads\/2021\/04\/abpic.jpg\",\"width\":500,\"height\":333,\"caption\":\"Aplicaci\\u00f3n de iluminaci\\u00f3n LED para atracciones\"},{\"@type\":\"WebPage\",\"@id\":\"https:\/\/www.fun-lighting.com\/es\/sobre-nosotras\/#webpage\",\"url\":\"https:\/\/www.fun-lighting.com\/es\/sobre-nosotras\/\",\"name\":\"Luces de carnaval, luces LED para ferias, l\\u00e1mparas para atracciones\",\"isPartOf\":{\"@id\":\"https:\/\/www.fun-lighting.com\/es\/#website\"},\"primaryImageOfPage\":{\"@id\":\"https:\/\/www.fun-lighting.com\/es\/sobre-nosotras\/#primaryimage\"},\"datePublished\":\"2021-04-12T01:38:20+00:00\",\"dateModified\":\"2026-01-08T03:00:10+00:00\",\"description\":\"Ubicada en la ciudad de Zhongshan, Fun Amusement Lighting Co., Ltd. es un fabricante l\\u00edder de iluminaci\\u00f3n para parques de atracciones en China. Nos especializamos en la investigaci\\u00f3n, desarrollo, ingenier\\u00eda y comercializaci\\u00f3n de soluciones de iluminaci\\u00f3n para atracciones infantiles, carruseles, norias, juegos mec\\u00e1nicos y otras decoraciones para parques de atracciones.\",\"breadcrumb\":{\"@id\":\"https:\/\/www.fun-lighting.com\/es\/sobre-nosotras\/#breadcrumb\"},\"inLanguage\":\"zh-CN\",\"potentialAction\":[{\"@type\":\"ReadAction\",\"target\":[\"https:\/\/www.fun-lighting.com\/es\/sobre-nosotras\/\"]}]},{\"@type\":\"BreadcrumbList\",\"@id\":\"https:\/\/www.fun-lighting.com\/es\/sobre-nosotras\/#breadcrumb\",\"itemListElement\":[{\"@type\":\"ListItem\",\"position\":1,\"item\":{\"@type\":\"WebPage\",\"@id\":\"https:\/\/www.fun-lighting.com\/es\/\",\"url\":\"https:\/\/www.fun-lighting.com\/es\/\",\"name\":\"\\u9996\\u9875\"}},{\"@type\":\"ListItem\",\"position\":2,\"item\":{\"@type\":\"WebPage\",\"@id\":\"https:\/\/www.fun-lighting.com\/es\/sobre-nosotras\/\",\"url\":\"https:\/\/www.fun-lighting.com\/es\/sobre-nosotras\/\",\"name\":\"Sobre nosotras\"}}]}]}<\/script>\n<!-- \/ Yoast SEO plugin. -->","_links":{"self":[{"href":"https:\/\/www.fun-lighting.com\/es\/wp-json\/wp\/v2\/pages\/2"}],"collection":[{"href":"https:\/\/www.fun-lighting.com\/es\/wp-json\/wp\/v2\/pages"}],"about":[{"href":"https:\/\/www.fun-lighting.com\/es\/wp-json\/wp\/v2\/types\/page"}],"author":[{"embeddable":true,"href":"https:\/\/www.fun-lighting.com\/es\/wp-json\/wp\/v2\/users\/1"}],"replies":[{"embeddable":true,"href":"https:\/\/www.fun-lighting.com\/es\/wp-json\/wp\/v2\/comments?post=2"}],"version-history":[{"count":1,"href":"https:\/\/www.fun-lighting.com\/es\/wp-json\/wp\/v2\/pages\/2\/revisions"}],"predecessor-version":[{"id":2201,"href":"https:\/\/www.fun-lighting.com\/es\/wp-json\/wp\/v2\/pages\/2\/revisions\/2201"}],"wp:featuredmedia":[{"embeddable":true,"href":"https:\/\/www.fun-lighting.com\/es\/wp-json\/wp\/v2\/media\/12"}],"wp:attachment":[{"href":"https:\/\/www.fun-lighting.com\/es\/wp-json\/wp\/v2\/media?parent=2"}],"curies":[{"name":"wp","href":"https:\/\/api.w.org\/{rel}","templated":true}]}}